{"id":125,"date":"2020-05-01T18:06:11","date_gmt":"2020-05-01T18:06:11","guid":{"rendered":"http:\/\/egerlaender6.de\/?page_id=125"},"modified":"2020-11-19T10:26:41","modified_gmt":"2020-11-19T10:26:41","slug":"tontraeger","status":"publish","type":"page","link":"http:\/\/egerlaender6.de\/?page_id=125","title":{"rendered":"Shop!"},"content":{"rendered":"\n<p class=\"has-text-align-center has-white-color has-text-color has-background\" style=\"background-color:#3c1e00\"><strong>Unsere Tontr\u00e4ger<\/strong><\/p>\n\n\n\n<p class=\"has-text-align-left\"><strong>Alle CDs sind bei uns erh\u00e4ltlich. Bestellungen per Mail, Versand erfolgt mit Rechnung !<\/strong><\/p>\n\n\n\n<p class=\"has-text-align-left\">Folgende Produktion sind erschienen: <\/p>\n\n\n\n<ul class=\"wp-block-list\"><li>VOLLGAS &#8211; die offizielle Jubil\u00e4umsproduktion 2020 &#8211; TYROLIS<\/li><li>Gr\u00fc\u00df mir die Heimat &#8211; 2018 &#8211; TYROLIS<\/li><li>Blasmusikgefahr &#8211; 2016 &#8211; EIGENPRODUKTION<\/li><li>Heut mir alles ganz egal &#8211; leider ausverkauft &#8211; EIGENPRODUKTION<\/li><\/ul>\n\n\n\n<p><\/p>\n\n\n\n<p class=\"has-text-align-left\" style=\"font-size:27px\">Wir bedanken uns sehr herzlich bei unserer Plattenfirma f\u00fcr die tolle Zusammenarbeit. DANKE TYROLIS !<\/p>\n\n\n\n<figure class=\"wp-block-image size-medium is-resized\"><img loading=\"lazy\" decoding=\"async\" src=\"http:\/\/egerlaender6.de\/wp-content\/uploads\/2020\/05\/TYROLIS-300x150.jpg\" alt=\"\" class=\"wp-image-565\" width=\"225\" height=\"113\" srcset=\"http:\/\/egerlaender6.de\/wp-content\/uploads\/2020\/05\/TYROLIS-300x150.jpg 300w, http:\/\/egerlaender6.de\/wp-content\/uploads\/2020\/05\/TYROLIS-700x350.jpg 700w, http:\/\/egerlaender6.de\/wp-content\/uploads\/2020\/05\/TYROLIS-768x384.jpg 768w, http:\/\/egerlaender6.de\/wp-content\/uploads\/2020\/05\/TYROLIS-1536x768.jpg 1536w, http:\/\/egerlaender6.de\/wp-content\/uploads\/2020\/05\/TYROLIS-2048x1024.jpg 2048w\" sizes=\"auto, (max-width: 225px) 100vw, 225px\" \/><\/figure>\n\n\n\n<p class=\"has-background\" style=\"background-color:#3c1e00\"><\/p>\n\n\n\n<p><strong>VOLLGAS &#8211; die offizielle Jubil\u00e4umsproduktion &#8211; 2020<\/strong><\/p>\n\n\n\n<figure class=\"wp-block-gallery columns-2 is-cropped wp-block-gallery-1 is-layout-flex wp-block-gallery-is-layout-flex\"><ul class=\"blocks-gallery-grid\"><li class=\"blocks-gallery-item\"><figure><a href=\"http:\/\/egerlaender6.de\/wp-content\/uploads\/2020\/08\/Cover-2020.jpg\"><img loading=\"lazy\" decoding=\"async\" width=\"1446\" height=\"1418\" src=\"http:\/\/egerlaender6.de\/wp-content\/uploads\/2020\/08\/Cover-2020.jpg\" alt=\"\" data-id=\"945\" data-full-url=\"http:\/\/egerlaender6.de\/wp-content\/uploads\/2020\/08\/Cover-2020.jpg\" data-link=\"http:\/\/egerlaender6.de\/?attachment_id=945\" class=\"wp-image-945\" srcset=\"http:\/\/egerlaender6.de\/wp-content\/uploads\/2020\/08\/Cover-2020.jpg 1446w, http:\/\/egerlaender6.de\/wp-content\/uploads\/2020\/08\/Cover-2020-300x294.jpg 300w, http:\/\/egerlaender6.de\/wp-content\/uploads\/2020\/08\/Cover-2020-700x686.jpg 700w, http:\/\/egerlaender6.de\/wp-content\/uploads\/2020\/08\/Cover-2020-768x753.jpg 768w, http:\/\/egerlaender6.de\/wp-content\/uploads\/2020\/08\/Cover-2020-61x60.jpg 61w\" sizes=\"auto, (max-width: 1446px) 100vw, 1446px\" \/><\/a><\/figure><\/li><li class=\"blocks-gallery-item\"><figure><a href=\"http:\/\/egerlaender6.de\/wp-content\/uploads\/2020\/09\/353-501-BK-4S-Egerlaender-6-Vollgas.jpg\"><img loading=\"lazy\" decoding=\"async\" width=\"555\" height=\"589\" src=\"http:\/\/egerlaender6.de\/wp-content\/uploads\/2020\/09\/353-501-BK-4S-Egerlaender-6-Vollgas.jpg\" alt=\"\" data-id=\"1019\" data-full-url=\"http:\/\/egerlaender6.de\/wp-content\/uploads\/2020\/09\/353-501-BK-4S-Egerlaender-6-Vollgas.jpg\" data-link=\"http:\/\/egerlaender6.de\/?attachment_id=1019\" class=\"wp-image-1019\" srcset=\"http:\/\/egerlaender6.de\/wp-content\/uploads\/2020\/09\/353-501-BK-4S-Egerlaender-6-Vollgas.jpg 555w, http:\/\/egerlaender6.de\/wp-content\/uploads\/2020\/09\/353-501-BK-4S-Egerlaender-6-Vollgas-283x300.jpg 283w, http:\/\/egerlaender6.de\/wp-content\/uploads\/2020\/09\/353-501-BK-4S-Egerlaender-6-Vollgas-57x60.jpg 57w\" sizes=\"auto, (max-width: 555px) 100vw, 555px\" \/><\/a><\/figure><\/li><\/ul><\/figure>\n\n\n\n<p class=\"has-background\" style=\"background-color:#3c1e00\"><\/p>\n\n\n\n<p><strong>GR\u00dcSS MIR DIE HEIMAT &#8211; 2018<\/strong><\/p>\n\n\n\n<figure class=\"wp-block-gallery columns-2 is-cropped wp-block-gallery-2 is-layout-flex wp-block-gallery-is-layout-flex\"><ul class=\"blocks-gallery-grid\"><li class=\"blocks-gallery-item\"><figure><a href=\"http:\/\/egerlaender6.de\/wp-content\/uploads\/2020\/05\/E6_box2B.jpg\"><img loading=\"lazy\" decoding=\"async\" width=\"1421\" height=\"1369\" src=\"http:\/\/egerlaender6.de\/wp-content\/uploads\/2020\/05\/E6_box2B.jpg\" alt=\"\" data-id=\"381\" data-full-url=\"http:\/\/egerlaender6.de\/wp-content\/uploads\/2020\/05\/E6_box2B.jpg\" data-link=\"http:\/\/egerlaender6.de\/?attachment_id=381\" class=\"wp-image-381\" srcset=\"http:\/\/egerlaender6.de\/wp-content\/uploads\/2020\/05\/E6_box2B.jpg 1421w, http:\/\/egerlaender6.de\/wp-content\/uploads\/2020\/05\/E6_box2B-300x289.jpg 300w, http:\/\/egerlaender6.de\/wp-content\/uploads\/2020\/05\/E6_box2B-700x674.jpg 700w, http:\/\/egerlaender6.de\/wp-content\/uploads\/2020\/05\/E6_box2B-768x740.jpg 768w\" sizes=\"auto, (max-width: 1421px) 100vw, 1421px\" \/><\/a><\/figure><\/li><li class=\"blocks-gallery-item\"><figure><a href=\"http:\/\/egerlaender6.de\/wp-content\/uploads\/2020\/09\/353344_Egerlaender6_booklet_1-4-Kopie.jpg\"><img loading=\"lazy\" decoding=\"async\" width=\"1430\" height=\"1420\" src=\"http:\/\/egerlaender6.de\/wp-content\/uploads\/2020\/09\/353344_Egerlaender6_booklet_1-4-Kopie.jpg\" alt=\"\" data-id=\"1027\" data-full-url=\"http:\/\/egerlaender6.de\/wp-content\/uploads\/2020\/09\/353344_Egerlaender6_booklet_1-4-Kopie.jpg\" data-link=\"http:\/\/egerlaender6.de\/?attachment_id=1027\" class=\"wp-image-1027\" srcset=\"http:\/\/egerlaender6.de\/wp-content\/uploads\/2020\/09\/353344_Egerlaender6_booklet_1-4-Kopie.jpg 1430w, http:\/\/egerlaender6.de\/wp-content\/uploads\/2020\/09\/353344_Egerlaender6_booklet_1-4-Kopie-300x298.jpg 300w, http:\/\/egerlaender6.de\/wp-content\/uploads\/2020\/09\/353344_Egerlaender6_booklet_1-4-Kopie-700x695.jpg 700w, http:\/\/egerlaender6.de\/wp-content\/uploads\/2020\/09\/353344_Egerlaender6_booklet_1-4-Kopie-150x150.jpg 150w, http:\/\/egerlaender6.de\/wp-content\/uploads\/2020\/09\/353344_Egerlaender6_booklet_1-4-Kopie-768x763.jpg 768w, http:\/\/egerlaender6.de\/wp-content\/uploads\/2020\/09\/353344_Egerlaender6_booklet_1-4-Kopie-60x60.jpg 60w\" sizes=\"auto, (max-width: 1430px) 100vw, 1430px\" \/><\/a><\/figure><\/li><\/ul><\/figure>\n\n\n\n<p class=\"has-background\" style=\"background-color:#3c1e00\"><\/p>\n\n\n\n<p><strong>BLASMUSIKGEFAHR &#8211; 2016<\/strong><\/p>\n\n\n\n<figure class=\"wp-block-gallery columns-2 is-cropped wp-block-gallery-3 is-layout-flex wp-block-gallery-is-layout-flex\"><ul class=\"blocks-gallery-grid\"><li class=\"blocks-gallery-item\"><figure><a href=\"http:\/\/egerlaender6.de\/wp-content\/uploads\/2020\/05\/CD_Egerlaender_Booklet-NEU.jpg\"><img loading=\"lazy\" decoding=\"async\" width=\"1417\" height=\"1417\" src=\"http:\/\/egerlaender6.de\/wp-content\/uploads\/2020\/05\/CD_Egerlaender_Booklet-NEU.jpg\" alt=\"\" data-id=\"377\" data-full-url=\"http:\/\/egerlaender6.de\/wp-content\/uploads\/2020\/05\/CD_Egerlaender_Booklet-NEU.jpg\" data-link=\"http:\/\/egerlaender6.de\/?attachment_id=377\" class=\"wp-image-377\" srcset=\"http:\/\/egerlaender6.de\/wp-content\/uploads\/2020\/05\/CD_Egerlaender_Booklet-NEU.jpg 1417w, http:\/\/egerlaender6.de\/wp-content\/uploads\/2020\/05\/CD_Egerlaender_Booklet-NEU-300x300.jpg 300w, http:\/\/egerlaender6.de\/wp-content\/uploads\/2020\/05\/CD_Egerlaender_Booklet-NEU-700x700.jpg 700w, http:\/\/egerlaender6.de\/wp-content\/uploads\/2020\/05\/CD_Egerlaender_Booklet-NEU-150x150.jpg 150w, http:\/\/egerlaender6.de\/wp-content\/uploads\/2020\/05\/CD_Egerlaender_Booklet-NEU-768x768.jpg 768w\" sizes=\"auto, (max-width: 1417px) 100vw, 1417px\" \/><\/a><\/figure><\/li><li class=\"blocks-gallery-item\"><figure><a href=\"http:\/\/egerlaender6.de\/wp-content\/uploads\/2020\/09\/Cover-Titel.jpg\"><img loading=\"lazy\" decoding=\"async\" width=\"1066\" height=\"907\" src=\"http:\/\/egerlaender6.de\/wp-content\/uploads\/2020\/09\/Cover-Titel.jpg\" alt=\"\" data-id=\"1033\" data-full-url=\"http:\/\/egerlaender6.de\/wp-content\/uploads\/2020\/09\/Cover-Titel.jpg\" data-link=\"http:\/\/egerlaender6.de\/?attachment_id=1033\" class=\"wp-image-1033\" srcset=\"http:\/\/egerlaender6.de\/wp-content\/uploads\/2020\/09\/Cover-Titel.jpg 1066w, http:\/\/egerlaender6.de\/wp-content\/uploads\/2020\/09\/Cover-Titel-300x255.jpg 300w, http:\/\/egerlaender6.de\/wp-content\/uploads\/2020\/09\/Cover-Titel-700x596.jpg 700w, http:\/\/egerlaender6.de\/wp-content\/uploads\/2020\/09\/Cover-Titel-768x653.jpg 768w, http:\/\/egerlaender6.de\/wp-content\/uploads\/2020\/09\/Cover-Titel-71x60.jpg 71w\" sizes=\"auto, (max-width: 1066px) 100vw, 1066px\" \/><\/a><\/figure><\/li><\/ul><\/figure>\n\n\n\n<p class=\"has-background\" style=\"background-color:#3c1e00\"><\/p>\n\n\n\n<p><strong>HEUT IST MIR ALLES GANZ EGAL &#8211; 2013 &#8211; AUSVERKAUFT !<\/strong><\/p>\n\n\n\n<figure class=\"wp-block-gallery columns-1 is-cropped wp-block-gallery-4 is-layout-flex wp-block-gallery-is-layout-flex\"><ul class=\"blocks-gallery-grid\"><li class=\"blocks-gallery-item\"><figure><a href=\"http:\/\/egerlaender6.de\/wp-content\/uploads\/2020\/05\/Cover-2013.jpg\"><img loading=\"lazy\" decoding=\"async\" width=\"529\" height=\"466\" src=\"http:\/\/egerlaender6.de\/wp-content\/uploads\/2020\/05\/Cover-2013.jpg\" alt=\"\" data-id=\"378\" data-full-url=\"http:\/\/egerlaender6.de\/wp-content\/uploads\/2020\/05\/Cover-2013.jpg\" data-link=\"http:\/\/egerlaender6.de\/?attachment_id=378\" class=\"wp-image-378\" srcset=\"http:\/\/egerlaender6.de\/wp-content\/uploads\/2020\/05\/Cover-2013.jpg 529w, http:\/\/egerlaender6.de\/wp-content\/uploads\/2020\/05\/Cover-2013-300x264.jpg 300w\" sizes=\"auto, (max-width: 529px) 100vw, 529px\" \/><\/a><\/figure><\/li><\/ul><\/figure>\n\n\n\n<p class=\"has-background\" style=\"background-color:#3c1e00\"><\/p>\n","protected":false},"excerpt":{"rendered":"<p>Unsere Tontr\u00e4ger Alle CDs sind bei uns erh\u00e4ltlich. Bestellungen per Mail, Versand erfolgt mit Rechnung ! Folgende Produktion sind erschienen: VOLLGAS &#8211; die offizielle Jubil\u00e4umsproduktion 2020 &#8211; TYROLIS Gr\u00fc\u00df mir die Heimat &#8211; 2018 &#8211; TYROLIS Blasmusikgefahr &#8211; 2016 &#8211; EIGENPRODUKTION Heut mir alles ganz egal &#8211; leider ausverkauft &#8211; EIGENPRODUKTION Wir bedanken uns sehr herzlich bei unserer Plattenfirma f\u00fcr [&hellip;]<\/p>\n","protected":false},"author":1,"featured_media":0,"parent":0,"menu_order":0,"comment_status":"closed","ping_status":"closed","template":"page-templates\/full-width-container.php","meta":{"footnotes":""},"class_list":["post-125","page","type-page","status-publish","hentry"],"_links":{"self":[{"href":"http:\/\/egerlaender6.de\/index.php?rest_route=\/wp\/v2\/pages\/125","targetHints":{"allow":["GET"]}}],"collection":[{"href":"http:\/\/egerlaender6.de\/index.php?rest_route=\/wp\/v2\/pages"}],"about":[{"href":"http:\/\/egerlaender6.de\/index.php?rest_route=\/wp\/v2\/types\/page"}],"author":[{"embeddable":true,"href":"http:\/\/egerlaender6.de\/index.php?rest_route=\/wp\/v2\/users\/1"}],"replies":[{"embeddable":true,"href":"http:\/\/egerlaender6.de\/index.php?rest_route=%2Fwp%2Fv2%2Fcomments&post=125"}],"version-history":[{"count":60,"href":"http:\/\/egerlaender6.de\/index.php?rest_route=\/wp\/v2\/pages\/125\/revisions"}],"predecessor-version":[{"id":1277,"href":"http:\/\/egerlaender6.de\/index.php?rest_route=\/wp\/v2\/pages\/125\/revisions\/1277"}],"wp:attachment":[{"href":"http:\/\/egerlaender6.de\/index.php?rest_route=%2Fwp%2Fv2%2Fmedia&parent=125"}],"curies":[{"name":"wp","href":"https:\/\/api.w.org\/{rel}","templated":true}]}}