{"id":145,"date":"2020-05-01T18:43:54","date_gmt":"2020-05-01T18:43:54","guid":{"rendered":"http:\/\/egerlaender6.de\/?page_id=145"},"modified":"2020-11-20T06:42:21","modified_gmt":"2020-11-20T06:42:21","slug":"links","status":"publish","type":"page","link":"http:\/\/egerlaender6.de\/?page_id=145","title":{"rendered":"Links!"},"content":{"rendered":"\n<p class=\"has-background\" style=\"background-color:#3c1e00\"><\/p>\n\n\n\n<figure class=\"wp-block-table is-style-stripes\"><table class=\"has-subtle-light-gray-background-color has-background\"><tbody><tr><td class=\"has-text-align-center\" data-align=\"center\"><strong><a rel=\"noreferrer noopener\" href=\"http:\/\/www.die-fidelen-muenchhaeuser.info\" target=\"_blank\"><span class=\"has-inline-color has-black-color\">Die fidelen M\u00fcnchh\u00e4user<\/span><\/a><\/strong><\/td><\/tr><tr><td class=\"has-text-align-center\" data-align=\"center\"><strong><a rel=\"noreferrer noopener\" href=\"http:\/\/www.junge-eifellaender-blasmusik.de\" target=\"_blank\"><span class=\"has-inline-color has-black-color\">Junge Eifell\u00e4nder Blasmusik<\/span><\/a><\/strong><\/td><\/tr><tr><td class=\"has-text-align-center\" data-align=\"center\"><a rel=\"noreferrer noopener\" href=\"http:\/\/www.innsbrucker-boehmische.at\" target=\"_blank\"><strong><span class=\"has-inline-color has-black-color\">Innsbrucker B\u00f6hmische<\/span><\/strong><\/a><\/td><\/tr><tr><td class=\"has-text-align-center\" data-align=\"center\"><a rel=\"noreferrer noopener\" href=\"http:\/\/www.die-jungen-kirbachtaler.de\" target=\"_blank\"><strong><span class=\"has-inline-color has-black-color\">Die jungen Kirbachtaler<\/span><\/strong><\/a><\/td><\/tr><tr><td class=\"has-text-align-center\" data-align=\"center\"><a rel=\"noreferrer noopener\" href=\"http:\/\/www.tv-orchester.de\" target=\"_blank\"><strong><span class=\"has-inline-color has-black-color\">TV-Orchester Herbornseelbach<\/span><\/strong><\/a><\/td><\/tr><tr><td class=\"has-text-align-center\" data-align=\"center\"><a rel=\"noreferrer noopener\" href=\"http:\/\/www.tyrolis.com\" target=\"_blank\"><strong><span class=\"has-inline-color has-black-color\">Tyrolis<\/span><\/strong><\/a><\/td><\/tr><tr><td class=\"has-text-align-center\" data-align=\"center\"><a rel=\"noreferrer noopener\" href=\"https:\/\/tirolmusikverlag.at\/\" target=\"_blank\"><strong><span class=\"has-inline-color has-black-color\">Tirol Musikverlag<\/span><\/strong><\/a><\/td><\/tr><tr><td class=\"has-text-align-center\" data-align=\"center\"><\/td><\/tr><\/tbody><\/table><\/figure>\n\n\n\n<figure class=\"wp-block-image size-full is-style-rounded\"><img loading=\"lazy\" decoding=\"async\" width=\"2560\" height=\"1141\" src=\"http:\/\/egerlaender6.de\/wp-content\/uploads\/2020\/05\/P1000669-Kopie-1-scaled.jpg\" alt=\"\" class=\"wp-image-433\" srcset=\"http:\/\/egerlaender6.de\/wp-content\/uploads\/2020\/05\/P1000669-Kopie-1-scaled.jpg 2560w, http:\/\/egerlaender6.de\/wp-content\/uploads\/2020\/05\/P1000669-Kopie-1-300x134.jpg 300w, http:\/\/egerlaender6.de\/wp-content\/uploads\/2020\/05\/P1000669-Kopie-1-700x312.jpg 700w, http:\/\/egerlaender6.de\/wp-content\/uploads\/2020\/05\/P1000669-Kopie-1-768x342.jpg 768w, http:\/\/egerlaender6.de\/wp-content\/uploads\/2020\/05\/P1000669-Kopie-1-1536x685.jpg 1536w, http:\/\/egerlaender6.de\/wp-content\/uploads\/2020\/05\/P1000669-Kopie-1-2048x913.jpg 2048w\" sizes=\"auto, (max-width: 2560px) 100vw, 2560px\" \/><\/figure>\n","protected":false},"excerpt":{"rendered":"<p>Die fidelen M\u00fcnchh\u00e4user Junge Eifell\u00e4nder Blasmusik Innsbrucker B\u00f6hmische Die jungen Kirbachtaler TV-Orchester Herbornseelbach Tyrolis Tirol Musikverlag<\/p>\n","protected":false},"author":1,"featured_media":0,"parent":0,"menu_order":0,"comment_status":"closed","ping_status":"closed","template":"","meta":{"footnotes":""},"class_list":["post-145","page","type-page","status-publish","hentry"],"_links":{"self":[{"href":"http:\/\/egerlaender6.de\/index.php?rest_route=\/wp\/v2\/pages\/145","targetHints":{"allow":["GET"]}}],"collection":[{"href":"http:\/\/egerlaender6.de\/index.php?rest_route=\/wp\/v2\/pages"}],"about":[{"href":"http:\/\/egerlaender6.de\/index.php?rest_route=\/wp\/v2\/types\/page"}],"author":[{"embeddable":true,"href":"http:\/\/egerlaender6.de\/index.php?rest_route=\/wp\/v2\/users\/1"}],"replies":[{"embeddable":true,"href":"http:\/\/egerlaender6.de\/index.php?rest_route=%2Fwp%2Fv2%2Fcomments&post=145"}],"version-history":[{"count":37,"href":"http:\/\/egerlaender6.de\/index.php?rest_route=\/wp\/v2\/pages\/145\/revisions"}],"predecessor-version":[{"id":1364,"href":"http:\/\/egerlaender6.de\/index.php?rest_route=\/wp\/v2\/pages\/145\/revisions\/1364"}],"wp:attachment":[{"href":"http:\/\/egerlaender6.de\/index.php?rest_route=%2Fwp%2Fv2%2Fmedia&parent=145"}],"curies":[{"name":"wp","href":"https:\/\/api.w.org\/{rel}","templated":true}]}}